{"id":245,"date":"2025-05-27T07:29:47","date_gmt":"2025-05-27T07:29:47","guid":{"rendered":"https:\/\/steelfix.eu\/product\/emt150-h-316c\/"},"modified":"2025-07-14T14:10:50","modified_gmt":"2025-07-14T14:10:50","slug":"emt150-h-316c","status":"publish","type":"product","link":"https:\/\/steelfix.eu\/en\/product\/emt150-h-316c\/","title":{"rendered":"EMT150-H-316C"},"content":{"rendered":"<p>Heavy 7.9 x 150 mm ac\u00e9l k\u00e1belk\u00f6tegel\u00f5<\/p>","protected":false},"excerpt":{"rendered":"<p>Heavy 7.9 x 150 mm ac\u00e9l k\u00e1belk\u00f6tegel\u00f5<\/p>","protected":false},"featured_media":226,"template":"","meta":[],"product_brand":[23],"product_cat":[21],"product_tag":[],"class_list":{"0":"post-245","1":"product","2":"type-product","3":"status-publish","4":"has-post-thumbnail","6":"product_brand-elephant-ties","7":"product_cat-rozsdamentes-acel-kabelkotegelo","8":"pa_anyag-aisi-316l","9":"pa_anyag-en-1-4435","10":"pa_ce-igen","11":"pa_csomagolas-100-db-csomag","12":"pa_eghetosegi-besorolas-ul94-igen","13":"pa_felhasznalas-altalanos","14":"pa_feluletkezeles-nyers-acel","15":"pa_halogen-mentes-igen","16":"pa_homerseklet-tartomany-60c-300-c","17":"pa_hosszusag-inch-49","18":"pa_hosszusag-mm-50","19":"pa_max-huzoszilardsag-lbs-104","20":"pa_max-huzoszilardsag-n-103","21":"pa_max-kotegatmero-inch-1-57","22":"pa_max-kotegatmero-mm-52","23":"pa_rohs-compliant-igen","24":"pa_szelesseg-inch-0-31","25":"pa_szelesseg-mm-7-9","26":"pa_uv-allo-igen","27":"pa_vastagsag-inch-0-01","28":"pa_vastagsag-mm-0-25","30":"first","31":"onbackorder","32":"purchasable","33":"product-type-simple"},"yoast_head":"<!-- This site is optimized with the Yoast SEO Premium plugin v25.6 (Yoast SEO v26.0) - https:\/\/yoast.com\/wordpress\/plugins\/seo\/ -->\n<title>EMT150-H-316C - steelfix<\/title>\n<meta name=\"robots\" content=\"index, follow, max-snippet:-1, max-image-preview:large, max-video-preview:-1\" \/>\n<link rel=\"canonical\" href=\"https:\/\/steelfix.eu\/en\/product\/emt150-h-316c\/\" \/>\n<meta property=\"og:locale\" content=\"en_US\" \/>\n<meta property=\"og:type\" content=\"article\" \/>\n<meta property=\"og:title\" content=\"EMT150-H-316C\" \/>\n<meta property=\"og:description\" content=\"Heavy 7.9 x 150 mm ac\u00e9l k\u00e1belk\u00f6tegel\u00f5\" \/>\n<meta property=\"og:url\" content=\"https:\/\/steelfix.eu\/en\/product\/emt150-h-316c\/\" \/>\n<meta property=\"og:site_name\" content=\"steelfix\" \/>\n<meta property=\"article:modified_time\" content=\"2025-07-14T14:10:50+00:00\" \/>\n<meta property=\"og:image\" content=\"http:\/\/steelfix.eu\/wp-content\/uploads\/2025\/05\/EMT-1024x1024.png\" \/>\n\t<meta property=\"og:image:width\" content=\"1024\" \/>\n\t<meta property=\"og:image:height\" content=\"1024\" \/>\n\t<meta property=\"og:image:type\" content=\"image\/png\" \/>\n<meta name=\"twitter:card\" content=\"summary_large_image\" \/>\n<script type=\"application\/ld+json\" class=\"yoast-schema-graph\">{\"@context\":\"https:\/\/schema.org\",\"@graph\":[{\"@type\":\"WebPage\",\"@id\":\"https:\/\/steelfix.eu\/product\/emt150-h-316c\/\",\"url\":\"https:\/\/steelfix.eu\/product\/emt150-h-316c\/\",\"name\":\"EMT150-H-316C - steelfix\",\"isPartOf\":{\"@id\":\"https:\/\/steelfix.eu\/#website\"},\"primaryImageOfPage\":{\"@id\":\"https:\/\/steelfix.eu\/product\/emt150-h-316c\/#primaryimage\"},\"image\":{\"@id\":\"https:\/\/steelfix.eu\/product\/emt150-h-316c\/#primaryimage\"},\"thumbnailUrl\":\"https:\/\/steelfix.eu\/wp-content\/uploads\/2025\/05\/EMT.png\",\"datePublished\":\"2025-05-27T07:29:47+00:00\",\"dateModified\":\"2025-07-14T14:10:50+00:00\",\"breadcrumb\":{\"@id\":\"https:\/\/steelfix.eu\/product\/emt150-h-316c\/#breadcrumb\"},\"inLanguage\":\"en-US\",\"potentialAction\":[{\"@type\":\"ReadAction\",\"target\":[\"https:\/\/steelfix.eu\/product\/emt150-h-316c\/\"]}]},{\"@type\":\"ImageObject\",\"inLanguage\":\"en-US\",\"@id\":\"https:\/\/steelfix.eu\/product\/emt150-h-316c\/#primaryimage\",\"url\":\"https:\/\/steelfix.eu\/wp-content\/uploads\/2025\/05\/EMT.png\",\"contentUrl\":\"https:\/\/steelfix.eu\/wp-content\/uploads\/2025\/05\/EMT.png\",\"width\":2048,\"height\":2048},{\"@type\":\"BreadcrumbList\",\"@id\":\"https:\/\/steelfix.eu\/product\/emt150-h-316c\/#breadcrumb\",\"itemListElement\":[{\"@type\":\"ListItem\",\"position\":1,\"name\":\"Home\",\"item\":\"https:\/\/steelfix.eu\/\"},{\"@type\":\"ListItem\",\"position\":2,\"name\":\"Shop\",\"item\":\"https:\/\/steelfix.eu\/shop\/\"},{\"@type\":\"ListItem\",\"position\":3,\"name\":\"EMT150-H-316C\"}]},{\"@type\":\"WebSite\",\"@id\":\"https:\/\/steelfix.eu\/#website\",\"url\":\"https:\/\/steelfix.eu\/\",\"name\":\"steelfix\",\"description\":\"\",\"potentialAction\":[{\"@type\":\"SearchAction\",\"target\":{\"@type\":\"EntryPoint\",\"urlTemplate\":\"https:\/\/steelfix.eu\/?s={search_term_string}\"},\"query-input\":{\"@type\":\"PropertyValueSpecification\",\"valueRequired\":true,\"valueName\":\"search_term_string\"}}],\"inLanguage\":\"en-US\"}]}<\/script>\n<!-- \/ Yoast SEO Premium plugin. -->","yoast_head_json":{"title":"EMT150-H-316C - steelfix","robots":{"index":"index","follow":"follow","max-snippet":"max-snippet:-1","max-image-preview":"max-image-preview:large","max-video-preview":"max-video-preview:-1"},"canonical":"https:\/\/steelfix.eu\/en\/product\/emt150-h-316c\/","og_locale":"en_US","og_type":"article","og_title":"EMT150-H-316C","og_description":"Heavy 7.9 x 150 mm ac\u00e9l k\u00e1belk\u00f6tegel\u00f5","og_url":"https:\/\/steelfix.eu\/en\/product\/emt150-h-316c\/","og_site_name":"steelfix","article_modified_time":"2025-07-14T14:10:50+00:00","og_image":[{"width":1024,"height":1024,"url":"http:\/\/steelfix.eu\/wp-content\/uploads\/2025\/05\/EMT-1024x1024.png","type":"image\/png"}],"twitter_card":"summary_large_image","schema":{"@context":"https:\/\/schema.org","@graph":[{"@type":"WebPage","@id":"https:\/\/steelfix.eu\/product\/emt150-h-316c\/","url":"https:\/\/steelfix.eu\/product\/emt150-h-316c\/","name":"EMT150-H-316C - steelfix","isPartOf":{"@id":"https:\/\/steelfix.eu\/#website"},"primaryImageOfPage":{"@id":"https:\/\/steelfix.eu\/product\/emt150-h-316c\/#primaryimage"},"image":{"@id":"https:\/\/steelfix.eu\/product\/emt150-h-316c\/#primaryimage"},"thumbnailUrl":"https:\/\/steelfix.eu\/wp-content\/uploads\/2025\/05\/EMT.png","datePublished":"2025-05-27T07:29:47+00:00","dateModified":"2025-07-14T14:10:50+00:00","breadcrumb":{"@id":"https:\/\/steelfix.eu\/product\/emt150-h-316c\/#breadcrumb"},"inLanguage":"en-US","potentialAction":[{"@type":"ReadAction","target":["https:\/\/steelfix.eu\/product\/emt150-h-316c\/"]}]},{"@type":"ImageObject","inLanguage":"en-US","@id":"https:\/\/steelfix.eu\/product\/emt150-h-316c\/#primaryimage","url":"https:\/\/steelfix.eu\/wp-content\/uploads\/2025\/05\/EMT.png","contentUrl":"https:\/\/steelfix.eu\/wp-content\/uploads\/2025\/05\/EMT.png","width":2048,"height":2048},{"@type":"BreadcrumbList","@id":"https:\/\/steelfix.eu\/product\/emt150-h-316c\/#breadcrumb","itemListElement":[{"@type":"ListItem","position":1,"name":"Home","item":"https:\/\/steelfix.eu\/"},{"@type":"ListItem","position":2,"name":"Shop","item":"https:\/\/steelfix.eu\/shop\/"},{"@type":"ListItem","position":3,"name":"EMT150-H-316C"}]},{"@type":"WebSite","@id":"https:\/\/steelfix.eu\/#website","url":"https:\/\/steelfix.eu\/","name":"steelfix","description":"","potentialAction":[{"@type":"SearchAction","target":{"@type":"EntryPoint","urlTemplate":"https:\/\/steelfix.eu\/?s={search_term_string}"},"query-input":{"@type":"PropertyValueSpecification","valueRequired":true,"valueName":"search_term_string"}}],"inLanguage":"en-US"}]}},"_links":{"self":[{"href":"https:\/\/steelfix.eu\/en\/wp-json\/wp\/v2\/product\/245","targetHints":{"allow":["GET"]}}],"collection":[{"href":"https:\/\/steelfix.eu\/en\/wp-json\/wp\/v2\/product"}],"about":[{"href":"https:\/\/steelfix.eu\/en\/wp-json\/wp\/v2\/types\/product"}],"wp:featuredmedia":[{"embeddable":true,"href":"https:\/\/steelfix.eu\/en\/wp-json\/wp\/v2\/media\/226"}],"wp:attachment":[{"href":"https:\/\/steelfix.eu\/en\/wp-json\/wp\/v2\/media?parent=245"}],"wp:term":[{"taxonomy":"product_brand","embeddable":true,"href":"https:\/\/steelfix.eu\/en\/wp-json\/wp\/v2\/product_brand?post=245"},{"taxonomy":"product_cat","embeddable":true,"href":"https:\/\/steelfix.eu\/en\/wp-json\/wp\/v2\/product_cat?post=245"},{"taxonomy":"product_tag","embeddable":true,"href":"https:\/\/steelfix.eu\/en\/wp-json\/wp\/v2\/product_tag?post=245"}],"curies":[{"name":"wp","href":"https:\/\/api.w.org\/{rel}","templated":true}]}}